{"id":102,"date":"2020-09-27T10:36:20","date_gmt":"2020-09-27T14:36:20","guid":{"rendered":"http:\/\/emcperceptive.com\/?page_id=102"},"modified":"2023-06-12T13:07:08","modified_gmt":"2023-06-12T17:07:08","slug":"accueil","status":"publish","type":"page","link":"https:\/\/emcperceptive.com\/fr\/","title":{"rendered":"Accueil"},"content":{"rendered":"<div class=\"fusion-fullwidth fullwidth-box fusion-builder-row-1 fusion-flex-container nonhundred-percent-fullwidth non-hundred-percent-height-scrolling\" style=\"--awb-border-radius-top-left:0px;--awb-border-radius-top-right:0px;--awb-border-radius-bottom-right:0px;--awb-border-radius-bottom-left:0px;--awb-flex-wrap:wrap;\" ><div class=\"fusion-builder-row fusion-row fusion-flex-align-items-flex-start fusion-flex-content-wrap\" style=\"max-width:1248px;margin-left: calc(-4% \/ 2 );margin-right: calc(-4% \/ 2 );\"><div class=\"fusion-layout-column fusion_builder_column fusion-builder-column-0 fusion_builder_column_1_1 1_1 fusion-flex-column fusion-animated\" style=\"--awb-bg-size:cover;--awb-width-large:100%;--awb-margin-top-large:50px;--awb-spacing-right-large:1.92%;--awb-margin-bottom-large:20px;--awb-spacing-left-large:1.92%;--awb-width-medium:100%;--awb-order-medium:0;--awb-spacing-right-medium:1.92%;--awb-spacing-left-medium:1.92%;--awb-width-small:100%;--awb-order-small:0;--awb-spacing-right-small:1.92%;--awb-spacing-left-small:1.92%;\" data-animationType=\"fadeIn\" data-animationDuration=\"3.0\" data-animationOffset=\"top-into-view\"><div class=\"fusion-column-wrapper fusion-column-has-shadow fusion-flex-justify-content-flex-start fusion-content-layout-column\"><div class=\"fusion-content-boxes content-boxes columns row fusion-columns-3 fusion-columns-total-3 fusion-content-boxes-1 content-boxes-icon-on-top content-left\" style=\"--awb-body-color:#3f3f3f;--awb-iconcolor:#2d2db5;--awb-hover-accent-color:#2d2db5;--awb-circle-hover-accent-color:transparent;\" data-animationOffset=\"top-into-view\"><div style=\"--awb-backgroundcolor:rgba(255,255,255,0);--awb-iconcolor:#2d2db5;\" class=\"fusion-column content-box-column content-box-column content-box-column-1 col-lg-4 col-md-4 col-sm-4 fusion-content-box-hover content-box-column-first-in-row\"><div class=\"col content-box-wrapper content-wrapper link-area-link-icon icon-hover-animation-fade\" data-animationOffset=\"top-into-view\"><div class=\"heading heading-with-icon icon-left\"><div class=\"icon\"><i style=\"background-color:transparent;border-color:transparent;height:auto;width: 60px;line-height:normal;font-size:60px;\" aria-hidden=\"true\" class=\"fontawesome-icon fa-cogs fas circle-no\"><\/i><\/div><h2 class=\"content-box-heading fusion-responsive-typography-calculated\" style=\"--h2_typography-font-size:24px;--fontSize:24;line-height:1.2;\">SERVICES<\/h2><\/div><div class=\"fusion-clearfix\"><\/div><div class=\"content-container\">\n<div class=\"fusion-text fusion-text-1\"><p style=\"text-align: justify;\">Notre entreprise propose une gamme de services sp\u00e9cialis\u00e9s tout au long d\u2019un projet, de la conception et de l\u2019ing\u00e9nierie, de la mise en service, et de l\u2019achat \u00e0 la construction, ainsi qu\u2019\u00e0 la gestion de la cha\u00eene d\u2019approvisionnement et des op\u00e9rations.<\/p>\n<\/div>\n<\/div><\/div><\/div><div style=\"--awb-backgroundcolor:rgba(255,255,255,0);--awb-iconcolor:#2d2db5;\" class=\"fusion-column content-box-column content-box-column content-box-column-2 col-lg-4 col-md-4 col-sm-4 fusion-content-box-hover \"><div class=\"col content-box-wrapper content-wrapper link-area-link-icon icon-hover-animation-fade\" data-animationOffset=\"top-into-view\"><div class=\"heading heading-with-icon icon-left\"><div class=\"icon\"><i style=\"background-color:transparent;border-color:transparent;height:auto;width: 60px;line-height:normal;font-size:60px;\" aria-hidden=\"true\" class=\"fontawesome-icon fa-project-diagram fas circle-no\"><\/i><\/div><h2 class=\"content-box-heading fusion-responsive-typography-calculated\" style=\"--h2_typography-font-size:24px;--fontSize:24;line-height:1.2;\">PROJETS<\/h2><\/div><div class=\"fusion-clearfix\"><\/div><div class=\"content-container\">\n<div class=\"fusion-text fusion-text-2\"><p style=\"text-align: justify;\">Notre \u00e9quipe est compos\u00e9e de sp\u00e9cialistes d\u00e9vou\u00e9s et hautement qualifi\u00e9s dans une vari\u00e9t\u00e9 de disciplines techniques et d\u2019ing\u00e9nierie, y compris les processus civils, chimiques, \u00e9lectriques, d\u2019automatisation, m\u00e9caniques, miniers et m\u00e9tallurgiques.<\/p>\n<\/div>\n<\/div><\/div><\/div><div style=\"--awb-backgroundcolor:rgba(255,255,255,0);--awb-iconcolor:#2d2db5;\" class=\"fusion-column content-box-column content-box-column content-box-column-3 col-lg-4 col-md-4 col-sm-4 fusion-content-box-hover content-box-column-last content-box-column-last-in-row\"><div class=\"col content-box-wrapper content-wrapper link-area-link-icon icon-hover-animation-fade\" data-animationOffset=\"top-into-view\"><div class=\"heading heading-with-icon icon-left\"><div class=\"icon\"><i style=\"background-color:transparent;border-color:transparent;height:auto;width: 60px;line-height:normal;font-size:60px;\" aria-hidden=\"true\" class=\"fontawesome-icon fa-handshake fas circle-no\"><\/i><\/div><h2 class=\"content-box-heading fusion-responsive-typography-calculated\" style=\"--h2_typography-font-size:24px;--fontSize:24;line-height:1.2;\">CLIENTS<\/h2><\/div><div class=\"fusion-clearfix\"><\/div><div class=\"content-container\">\n<div class=\"fusion-text fusion-text-3\"><p style=\"text-align: justify;\">Nous op\u00e9rons \u00e0 l\u2019international, fournissant les derni\u00e8res technologies d\u2019ing\u00e9nierie et des services d\u2019externalisation de cha\u00eene d\u2019approvisionnement de haute performance pour une grande vari\u00e9t\u00e9 de clients, tels que des agences priv\u00e9es et gouvernementales, des industries et des d\u00e9veloppeurs.<\/p>\n<\/div>\n<\/div><\/div><\/div><div class=\"fusion-clearfix\"><\/div><\/div><\/div><\/div><div class=\"fusion-layout-column fusion_builder_column fusion-builder-column-1 fusion_builder_column_1_1 1_1 fusion-flex-column\" style=\"--awb-bg-size:cover;--awb-width-large:100%;--awb-margin-top-large:0px;--awb-spacing-right-large:1.92%;--awb-margin-bottom-large:20px;--awb-spacing-left-large:1.92%;--awb-width-medium:100%;--awb-order-medium:0;--awb-spacing-right-medium:1.92%;--awb-spacing-left-medium:1.92%;--awb-width-small:100%;--awb-order-small:0;--awb-spacing-right-small:1.92%;--awb-spacing-left-small:1.92%;\"><div class=\"fusion-column-wrapper fusion-column-has-shadow fusion-flex-justify-content-flex-start fusion-content-layout-column\"><div class=\"fusion-title title fusion-title-1 fusion-sep-none fusion-title-center fusion-title-text fusion-title-size-two\" style=\"--awb-margin-top-small:10px;--awb-margin-right-small:0px;--awb-margin-bottom-small:10px;--awb-margin-left-small:0px;--awb-font-size:32px;\"><h2 class=\"fusion-title-heading title-heading-center fusion-responsive-typography-calculated\" style=\"margin:0;font-size:1em;--fontSize:32;line-height:1.2;\"><strong>L\u2019ing\u00e9nieurs-conseils perspicaces, aujourd&rsquo;hui comme l&rsquo;avenir<\/strong><\/h2><\/div><div class=\"fusion-separator\" style=\"align-self: center;margin-left: auto;margin-right: auto;margin-bottom:30px;width:100%;max-width:1000px;\"><div class=\"fusion-separator-border sep-single sep-solid\" style=\"--awb-height:20px;--awb-amount:20px;--awb-sep-color:#fed03d;border-color:#fed03d;border-top-width:2px;\"><\/div><\/div><div class=\"fusion-text fusion-text-4\" style=\"--awb-content-alignment:center;\"><p>Perceptive EMC est une organisation multidisciplinaire ind\u00e9pendante compos\u00e9e de scientifiques, d\u2019ing\u00e9nieurs et de consultants en gestion.<\/p>\n<\/div><\/div><\/div><div class=\"fusion-layout-column fusion_builder_column fusion-builder-column-2 fusion_builder_column_1_1 1_1 fusion-flex-column fusion-animated\" style=\"--awb-bg-size:cover;--awb-width-large:100%;--awb-margin-top-large:0px;--awb-spacing-right-large:1.92%;--awb-margin-bottom-large:20px;--awb-spacing-left-large:1.92%;--awb-width-medium:100%;--awb-order-medium:0;--awb-spacing-right-medium:1.92%;--awb-spacing-left-medium:1.92%;--awb-width-small:100%;--awb-order-small:0;--awb-spacing-right-small:1.92%;--awb-spacing-left-small:1.92%;\" data-animationType=\"fadeIn\" data-animationDuration=\"3.0\" data-animationOffset=\"top-into-view\"><div class=\"fusion-column-wrapper fusion-column-has-shadow fusion-flex-justify-content-flex-start fusion-content-layout-column\"><div class=\"fusion-title title fusion-title-2 fusion-sep-none fusion-title-center fusion-title-text fusion-title-size-two\" style=\"--awb-margin-top-small:10px;--awb-margin-right-small:0px;--awb-margin-bottom-small:10px;--awb-margin-left-small:0px;--awb-font-size:32px;\"><h2 class=\"fusion-title-heading title-heading-center fusion-responsive-typography-calculated\" style=\"margin:0;font-size:1em;--fontSize:32;line-height:1.2;\"><strong>Quelques choses dans lesquelles nous sommes excellents<\/strong><\/h2><\/div><div class=\"fusion-separator\" style=\"align-self: center;margin-left: auto;margin-right: auto;margin-bottom:30px;width:100%;max-width:1000px;\"><div class=\"fusion-separator-border sep-single sep-solid\" style=\"--awb-height:20px;--awb-amount:20px;--awb-sep-color:#fed03d;border-color:#fed03d;border-top-width:2px;\"><\/div><\/div><div class=\"fusion-text fusion-text-5\" style=\"--awb-content-alignment:center;\"><p>Solutions et services de la gestion de la cha\u00eene d&rsquo;approvisionnement pour la gestion de la demande et des stocks, l\u2019optimisation des entrep\u00f4ts et de la distribution, la planification des achats et l\u2019approvisionnement en mat\u00e9riaux, ainsi que la planification des ventes et des op\u00e9rations.<\/p>\n<\/div><\/div><\/div><div class=\"fusion-layout-column fusion_builder_column fusion-builder-column-3 fusion_builder_column_1_1 1_1 fusion-flex-column fusion-animated\" style=\"--awb-bg-size:cover;--awb-width-large:100%;--awb-margin-top-large:0px;--awb-spacing-right-large:1.92%;--awb-margin-bottom-large:20px;--awb-spacing-left-large:1.92%;--awb-width-medium:100%;--awb-order-medium:0;--awb-spacing-right-medium:1.92%;--awb-spacing-left-medium:1.92%;--awb-width-small:100%;--awb-order-small:0;--awb-spacing-right-small:1.92%;--awb-spacing-left-small:1.92%;\" data-animationType=\"fadeIn\" data-animationDuration=\"3.0\" data-animationOffset=\"top-into-view\"><div class=\"fusion-column-wrapper fusion-column-has-shadow fusion-flex-justify-content-flex-start fusion-content-layout-column\"><div class=\"fusion-flip-boxes flip-boxes row fusion-columns-2 flip-effect-3d equal-heights\" style=\"--awb-flip-duration:2.0s;\"><div class=\"fusion-flip-box-wrapper fusion-column col-lg-6 col-md-6 col-sm-6\"><div class=\"fusion-flip-box flip-right fusion-animated\" tabindex=\"0\" data-animationType=\"fadeInUp\" data-animationDuration=\"0.1\" data-animationOffset=\"top-into-view\"><div class=\"flip-box-inner-wrapper\"><div class=\"flip-box-front\" style=\"--awb-icon-color:#fed03d;--awb-border-radius:6px;--awb-background-color-front:rgba(0,0,181,0.4);--awb-text-front-color:#ffffff;--awb-background-image-front:url(&#039;https:\/\/emcperceptive.com\/wp-content\/uploads\/2021\/01\/supply-chain-300x171.jpg&#039;);--awb-background-front-blend-mode:overlay;\"><div class=\"flip-box-front-inner\"><h2 class=\"flip-box-heading without-text\">GESTION de la CHA\u00ceNE D\u2019APPROVISIONNEMENT<\/h2><\/div><\/div><div class=\"flip-box-back\" style=\"--awb-icon-color:#fed03d;--awb-border-radius:6px;--awb-background-color-back:#2d2db5;\"><div class=\"flip-box-back-inner\"><h3 class=\"flip-box-heading-back\">GESTION de la CHA\u00ceNE D\u2019APPROVISIONNEMENT<\/h3>\n<p style=\"text-align: justify;\">Perceptive EMC propose une gamme de services de conseil en gestion inestimables \u00e0 toutes les entreprises de toutes tailles et de tous budgets. Notre sp\u00e9cialit\u00e9 est de r\u00e9soudre les probl\u00e8mes complexes de diverses industries, de promouvoir une entreprise et d\u2019aider nos clients \u00e0 r\u00e9soudre les probl\u00e8mes r\u00e9glementaires associ\u00e9s aux nouveaux produits et processus pour obtenir un avantage concurrentiel et des avantages imm\u00e9diats en am\u00e9liorant les performances de la cha\u00eene d\u2019approvisionnement.<\/p>\n<\/div><\/div><\/div><\/div><\/div><div class=\"fusion-flip-box-wrapper fusion-column col-lg-6 col-md-6 col-sm-6\"><div class=\"fusion-flip-box flip-right fusion-animated\" tabindex=\"0\" data-animationType=\"fadeInUp\" data-animationDuration=\"0.1\" data-animationOffset=\"top-into-view\"><div class=\"flip-box-inner-wrapper\"><div class=\"flip-box-front\" style=\"--awb-icon-color:#fed03d;--awb-border-radius:6px;--awb-background-color-front:rgba(0,0,181,0.4);--awb-text-front-color:#ffffff;--awb-background-image-front:url(&#039;https:\/\/emcperceptive.com\/wp-content\/uploads\/2021\/01\/project-managent-300x199.jpg&#039;);--awb-background-front-blend-mode:overlay;\"><div class=\"flip-box-front-inner\"><h2 class=\"flip-box-heading without-text\">GESTION de PROJET<\/h2><\/div><\/div><div class=\"flip-box-back\" style=\"--awb-icon-color:#fed03d;--awb-border-radius:6px;--awb-background-color-back:#2d2db5;\"><div class=\"flip-box-back-inner\"><h3 class=\"flip-box-heading-back\">GESTION de PROJET<\/h3>\n<p style=\"text-align: justify;\">Chez Perceptive EMC, nous proposons une gamme de services sp\u00e9cialis\u00e9s et des ressources disponibles tout au long d\u2019un projet. Sous le label \u00ab Gestion de projet \u00bb, nous d\u00e9veloppons et appliquons l\u2019approche int\u00e9grative de la gestion de la cha\u00eene d\u2019approvisionnement pour accomplir l\u2019am\u00e9lioration continue du d\u00e9veloppement professionnel des entreprises de toutes tailles et budgets, des grandes entreprises aux start-ups et petites entreprises.<\/p>\n<\/div><\/div><\/div><\/div><\/div><\/div><div class=\"fusion-flip-boxes flip-boxes row fusion-columns-2 flip-effect-3d equal-heights\" style=\"--awb-flip-duration:2.0s;\"><div class=\"fusion-flip-box-wrapper fusion-column col-lg-6 col-md-6 col-sm-6\"><div class=\"fusion-flip-box flip-right fusion-animated\" tabindex=\"0\" data-animationType=\"fadeInUp\" data-animationDuration=\"0.1\" data-animationOffset=\"top-into-view\"><div class=\"flip-box-inner-wrapper\"><div class=\"flip-box-front\" style=\"--awb-icon-color:#fed03d;--awb-border-radius:6px;--awb-background-color-front:rgba(0,0,181,0.4);--awb-text-front-color:#ffffff;--awb-background-image-front:url(&#039;https:\/\/emcperceptive.com\/wp-content\/uploads\/2021\/01\/engineering-and--300x238.jpg&#039;);--awb-background-front-blend-mode:overlay;\"><div class=\"flip-box-front-inner\"><h2 class=\"flip-box-heading without-text\">ING\u00c9NIERIE et APPROVISIONNEMENT<\/h2><\/div><\/div><div class=\"flip-box-back\" style=\"--awb-icon-color:#fed03d;--awb-border-radius:6px;--awb-background-color-back:#2d2db5;\"><div class=\"flip-box-back-inner\"><h3 class=\"flip-box-heading-back\">ING\u00c9NIERIE et APPROVISIONNEMENT<\/h3>\n<p style=\"text-align: justify;\">Nos \u00e9quipes d\u2019ing\u00e9nieurs-conseils multidisciplinaires se concentrent sur la pr\u00e9paration et le d\u00e9veloppement de plans, de dessins et de sp\u00e9cifications pour fournir des solutions s\u00fbres et rentables dans un large \u00e9ventail de domaines et d\u2019applications. Les sp\u00e9cialistes de l\u2019approvisionnement Perceptive identifient les fournisseurs qualifi\u00e9s et de grands valeurs de tous les mat\u00e9riaux et \u00e9quipements n\u00e9cessaires pour optimiser les processus, minimiser les co\u00fbts et maintenir la productivit\u00e9 et l\u2019efficacit\u00e9.<\/p>\n<\/div><\/div><\/div><\/div><\/div><div class=\"fusion-flip-box-wrapper fusion-column col-lg-6 col-md-6 col-sm-6\"><div class=\"fusion-flip-box flip-right fusion-animated\" tabindex=\"0\" data-animationType=\"fadeInUp\" data-animationDuration=\"0.1\" data-animationOffset=\"top-into-view\"><div class=\"flip-box-inner-wrapper\"><div class=\"flip-box-front\" style=\"--awb-icon-color:#fed03d;--awb-border-radius:6px;--awb-background-color-front:rgba(0,0,181,0.4);--awb-text-front-color:#ffffff;--awb-background-image-front:url(&#039;https:\/\/emcperceptive.com\/wp-content\/uploads\/2021\/01\/manufacturing-engineering-300x184.jpg&#039;);--awb-background-front-blend-mode:overlay;\"><div class=\"flip-box-front-inner\"><h2 class=\"flip-box-heading without-text\">GESTION des OP\u00c9RATIONS<\/h2><\/div><\/div><div class=\"flip-box-back\" style=\"--awb-icon-color:#fed03d;--awb-border-radius:6px;--awb-background-color-back:#2d2db5;\"><div class=\"flip-box-back-inner\"><h3 class=\"flip-box-heading-back\">GESTION des OP\u00c9RATIONS<\/h3>\n<p style=\"text-align: justify;\">La gestion des op\u00e9rations de fabrication concerne l\u2019efficacit\u00e9 op\u00e9rationnelle des usines et installations industrielles. Cela implique l\u2019am\u00e9lioration continue de la planification et de l\u2019ordonnancement, de la qualit\u00e9 des stocks et des produits, de la durabilit\u00e9 et de la rentabilit\u00e9. Nous fournissons des solutions sur l\u2019ensemble du processus de fabrication pour am\u00e9liorer les performances d\u2019exploitation et la gestion de la qualit\u00e9.<\/p>\n<\/div><\/div><\/div><\/div><\/div><\/div><\/div><\/div><\/div><\/div>\n","protected":false},"excerpt":{"rendered":"","protected":false},"author":1,"featured_media":0,"parent":0,"menu_order":0,"comment_status":"closed","ping_status":"closed","template":"","meta":{"footnotes":""},"class_list":["post-102","page","type-page","status-publish","hentry"],"_links":{"self":[{"href":"https:\/\/emcperceptive.com\/fr\/wp-json\/wp\/v2\/pages\/102","targetHints":{"allow":["GET"]}}],"collection":[{"href":"https:\/\/emcperceptive.com\/fr\/wp-json\/wp\/v2\/pages"}],"about":[{"href":"https:\/\/emcperceptive.com\/fr\/wp-json\/wp\/v2\/types\/page"}],"author":[{"embeddable":true,"href":"https:\/\/emcperceptive.com\/fr\/wp-json\/wp\/v2\/users\/1"}],"replies":[{"embeddable":true,"href":"https:\/\/emcperceptive.com\/fr\/wp-json\/wp\/v2\/comments?post=102"}],"version-history":[{"count":23,"href":"https:\/\/emcperceptive.com\/fr\/wp-json\/wp\/v2\/pages\/102\/revisions"}],"predecessor-version":[{"id":374,"href":"https:\/\/emcperceptive.com\/fr\/wp-json\/wp\/v2\/pages\/102\/revisions\/374"}],"wp:attachment":[{"href":"https:\/\/emcperceptive.com\/fr\/wp-json\/wp\/v2\/media?parent=102"}],"curies":[{"name":"wp","href":"https:\/\/api.w.org\/{rel}","templated":true}]}}