{"id":121,"date":"2020-09-27T10:44:38","date_gmt":"2020-09-27T14:44:38","guid":{"rendered":"http:\/\/emcperceptive.com\/a-propos\/"},"modified":"2021-02-02T14:24:25","modified_gmt":"2021-02-02T18:24:25","slug":"a-propos","status":"publish","type":"page","link":"https:\/\/emcperceptive.com\/fr\/a-propos\/","title":{"rendered":"\u00c0 propos"},"content":{"rendered":"<div class=\"fusion-fullwidth fullwidth-box fusion-builder-row-1 fusion-flex-container nonhundred-percent-fullwidth non-hundred-percent-height-scrolling\" style=\"--awb-border-radius-top-left:0px;--awb-border-radius-top-right:0px;--awb-border-radius-bottom-right:0px;--awb-border-radius-bottom-left:0px;--awb-flex-wrap:wrap;\" ><div class=\"fusion-builder-row fusion-row fusion-flex-align-items-flex-start fusion-flex-content-wrap\" style=\"max-width:1248px;margin-left: calc(-4% \/ 2 );margin-right: calc(-4% \/ 2 );\"><div class=\"fusion-layout-column fusion_builder_column fusion-builder-column-0 fusion_builder_column_1_1 1_1 fusion-flex-column\" style=\"--awb-bg-size:cover;--awb-width-large:100%;--awb-margin-top-large:0px;--awb-spacing-right-large:1.92%;--awb-margin-bottom-large:20px;--awb-spacing-left-large:1.92%;--awb-width-medium:100%;--awb-order-medium:0;--awb-spacing-right-medium:1.92%;--awb-spacing-left-medium:1.92%;--awb-width-small:100%;--awb-order-small:0;--awb-spacing-right-small:1.92%;--awb-spacing-left-small:1.92%;\"><div class=\"fusion-column-wrapper fusion-column-has-shadow fusion-flex-justify-content-flex-start fusion-content-layout-column\"><div class=\"fusion-text fusion-text-1\" style=\"--awb-content-alignment:left;--awb-text-color:#000000;\"><p style=\"text-align: justify;\">Perceptive est une organisation multidisciplinaire enti\u00e8rement int\u00e9gr\u00e9e de scientifiques professionnels, d&rsquo;ing\u00e9nieurs et de consultants en cha\u00eene d&rsquo;approvisionnement et en op\u00e9rations. Nous op\u00e9rons \u00e0 l&rsquo;international, fournissant des services de d\u00e9veloppement d&rsquo;ing\u00e9nierie et de gestion \u00e0 une grande vari\u00e9t\u00e9 d&rsquo;entreprises, de gouvernements, d&rsquo;industries manufacturi\u00e8res et d&rsquo;entreprises de taille moyenne en croissance.<\/p>\n<p style=\"text-align: justify;\">Chez Perceptive, nous offrons des services de cha\u00eene d&rsquo;approvisionnement int\u00e9gr\u00e9s, innovants et personnalis\u00e9s \u00e0 nos clients pour am\u00e9liorer continuellement chaque aspect de leurs op\u00e9rations et promouvoir de mani\u00e8re significative leur entreprise. Nous pouvons identifier avec pr\u00e9cision les besoins des organisations et les aider \u00e0 construire des avantages comp\u00e9titifs durables gr\u00e2ce \u00e0 des solutions de service de cha\u00eene d&rsquo;approvisionnement fiables et sp\u00e9cialis\u00e9es. Une gestion int\u00e9gr\u00e9e et efficace de la cha\u00eene d&rsquo;approvisionnement peut ajouter une valeur diff\u00e9renci\u00e9e et significative aux entreprises en am\u00e9liorant l&rsquo;efficacit\u00e9 op\u00e9rationnelle, en am\u00e9liorant les processus, les techniques de r\u00e9solution de probl\u00e8mes ainsi qu&rsquo;en r\u00e9duisant les co\u00fbts, les risques et la complexit\u00e9 op\u00e9rationnelle. Nous croyons fermement qu&rsquo;une solution de cha\u00eene d&rsquo;approvisionnement personnalis\u00e9e a le pouvoir d&rsquo;acc\u00e9l\u00e9rer la croissance et la rentabilit\u00e9 de l&rsquo;organisation dans un environnement mondial concurrentiel.<\/p>\n<p style=\"text-align: justify;\">Nos ing\u00e9nieurs-conseils sont des sp\u00e9cialistes d\u00e9vou\u00e9s et hautement qualifi\u00e9s, issus d&rsquo;une grande vari\u00e9t\u00e9 de disciplines et offrant une large gamme de services. . Notre passion est de d\u00e9velopper et de mettre en \u0153uvre des solutions innovantes, durables, pratiques et rentables aux d\u00e9fis les plus complexes des projets. Notre cabinet offre une gamme de services sp\u00e9cialis\u00e9s tout au long d&rsquo;un projet, des \u00e9tudes de pr\u00e9faisabilit\u00e9 \u00e0 la conception, \u00e0 la mise en service et \u00e0 l&rsquo;approvisionnement en passant par l&rsquo;ing\u00e9nierie ou la construction, l&rsquo;exploitation et la gestion de projet. C&rsquo;est \u00e9galement notre sp\u00e9cialit\u00e9 de r\u00e9soudre les probl\u00e8mes li\u00e9s \u00e0 l&rsquo;ing\u00e9nierie et \u00e0 la technique ou d&rsquo;assister nos clients sur les questions r\u00e9glementaires li\u00e9es aux nouveaux produits et processus et d&rsquo;offrir des solutions innovantes et des conseils strat\u00e9giques pour promouvoir l&rsquo;entreprise.<\/p>\n<\/div><\/div><\/div><\/div><\/div>\n","protected":false},"excerpt":{"rendered":"","protected":false},"author":1,"featured_media":0,"parent":0,"menu_order":0,"comment_status":"closed","ping_status":"closed","template":"","meta":{"footnotes":""},"class_list":["post-121","page","type-page","status-publish","hentry"],"_links":{"self":[{"href":"https:\/\/emcperceptive.com\/fr\/wp-json\/wp\/v2\/pages\/121","targetHints":{"allow":["GET"]}}],"collection":[{"href":"https:\/\/emcperceptive.com\/fr\/wp-json\/wp\/v2\/pages"}],"about":[{"href":"https:\/\/emcperceptive.com\/fr\/wp-json\/wp\/v2\/types\/page"}],"author":[{"embeddable":true,"href":"https:\/\/emcperceptive.com\/fr\/wp-json\/wp\/v2\/users\/1"}],"replies":[{"embeddable":true,"href":"https:\/\/emcperceptive.com\/fr\/wp-json\/wp\/v2\/comments?post=121"}],"version-history":[{"count":5,"href":"https:\/\/emcperceptive.com\/fr\/wp-json\/wp\/v2\/pages\/121\/revisions"}],"predecessor-version":[{"id":257,"href":"https:\/\/emcperceptive.com\/fr\/wp-json\/wp\/v2\/pages\/121\/revisions\/257"}],"wp:attachment":[{"href":"https:\/\/emcperceptive.com\/fr\/wp-json\/wp\/v2\/media?parent=121"}],"curies":[{"name":"wp","href":"https:\/\/api.w.org\/{rel}","templated":true}]}}