{"id":129,"date":"2020-09-27T10:41:26","date_gmt":"2020-09-27T14:41:26","guid":{"rendered":"http:\/\/emcperceptive.com\/notre-expertise\/"},"modified":"2021-02-02T14:27:34","modified_gmt":"2021-02-02T18:27:34","slug":"notre-expertise","status":"publish","type":"page","link":"https:\/\/emcperceptive.com\/fr\/notre-expertise\/","title":{"rendered":"Notre Expertise"},"content":{"rendered":"<div class=\"fusion-fullwidth fullwidth-box fusion-builder-row-1 fusion-flex-container nonhundred-percent-fullwidth non-hundred-percent-height-scrolling\" style=\"--awb-border-radius-top-left:0px;--awb-border-radius-top-right:0px;--awb-border-radius-bottom-right:0px;--awb-border-radius-bottom-left:0px;--awb-flex-wrap:wrap;\" ><div class=\"fusion-builder-row fusion-row fusion-flex-align-items-flex-start fusion-flex-content-wrap\" style=\"max-width:1248px;margin-left: calc(-4% \/ 2 );margin-right: calc(-4% \/ 2 );\"><div class=\"fusion-layout-column fusion_builder_column fusion-builder-column-0 fusion_builder_column_1_1 1_1 fusion-flex-column\" style=\"--awb-bg-size:cover;--awb-width-large:100%;--awb-margin-top-large:0px;--awb-spacing-right-large:1.92%;--awb-margin-bottom-large:20px;--awb-spacing-left-large:1.92%;--awb-width-medium:100%;--awb-order-medium:0;--awb-spacing-right-medium:1.92%;--awb-spacing-left-medium:1.92%;--awb-width-small:100%;--awb-order-small:0;--awb-spacing-right-small:1.92%;--awb-spacing-left-small:1.92%;\"><div class=\"fusion-column-wrapper fusion-column-has-shadow fusion-flex-justify-content-flex-start fusion-content-layout-column\"><div class=\"fusion-text fusion-text-1\" style=\"--awb-content-alignment:left;--awb-text-color:#000000;\"><p style=\"text-align: justify;\">Chez Perceptive EMC, nous avons la capacit\u00e9 et la passion des projets avanc\u00e9s et complexes traditionnels et de pointe. Notre \u00e9quipe est compos\u00e9e d&rsquo;experts professionnels avec des ann\u00e9es d&rsquo;exp\u00e9rience dans de grandes soci\u00e9t\u00e9s industrielles internationales qui se sont engag\u00e9s \u00e0 fournir des solutions novatrices de classe mondiale qui sont sp\u00e9cialis\u00e9es, pratiques et durables. Perceptive EMC s&rsquo;engage \u00e0 soutenir les opportunit\u00e9s de d\u00e9veloppement professionnel des employ\u00e9s qui am\u00e9liorent les performances de l&rsquo;individu et de l&rsquo;entreprise. Cela a \u00e9t\u00e9 r\u00e9alis\u00e9 en cr\u00e9ant un environnement o\u00f9 notre plan de d\u00e9veloppement fournit une feuille de route claire pour les employ\u00e9s qui comprend des objectifs mesurables et un calendrier r\u00e9aliste pour atteindre chaque objectif. Le suivi de l&rsquo;avancement de nos projets et l&rsquo;association de mesures de performance \u00e0 un leadership efficace contribuent \u00e0 maintenir notre responsabilit\u00e9.<br \/>\nNous pouvons r\u00e9aliser vos projets avec l&rsquo;approche EPCM (Engineering, Procurement and Construction Management), en restant impliqu\u00e9s du d\u00e9but \u00e0 la fin. Nous pouvons \u00e9galement vous assister en tant que conseiller technique dans l&rsquo;\u00e9laboration de votre plan de projet, le suivi de l&rsquo;avancement, l&rsquo;analyse des charges de travail ainsi que la gestion du budget et l&rsquo;affectation des ressources disponibles aux t\u00e2ches.<br \/>\nNos domaines d&rsquo;expertise comprennent:<div class=\"fusion-text fusion-text-1\"><\/div><\/p>\n<ul>\n<li style=\"text-align: justify;\">P\u00e9trole et gaz<\/li>\n<li style=\"text-align: justify;\">\u00c9nergie<\/li>\n<li style=\"text-align: justify;\">Produits chimiques<\/li>\n<li style=\"text-align: justify;\">nourriture et boissons<\/li>\n<li style=\"text-align: justify;\">Mines et m\u00e9taux<\/li>\n<li style=\"text-align: justify;\">Construction<\/li>\n<li style=\"text-align: justify;\">Architecture et design<\/li>\n<li style=\"text-align: justify;\">Ing\u00e9nierie m\u00e9canique<\/li>\n<li style=\"text-align: justify;\">Ing\u00e9nierie \u00e9lectrique<\/li>\n<li style=\"text-align: justify;\">Science et g\u00e9nie des mat\u00e9riaux<\/li>\n<li style=\"text-align: justify;\">L&rsquo;informatique<\/li>\n<li style=\"text-align: justify;\">Informatique<\/li>\n<li style=\"text-align: justify;\">Transport<\/li>\n<li style=\"text-align: justify;\">Science de l\u2019environnement et durabilit\u00e9<\/li>\n<\/ul>\n<\/div><\/div><\/div><\/div><\/div>\n","protected":false},"excerpt":{"rendered":"","protected":false},"author":1,"featured_media":0,"parent":0,"menu_order":0,"comment_status":"closed","ping_status":"closed","template":"","meta":{"footnotes":""},"class_list":["post-129","page","type-page","status-publish","hentry"],"_links":{"self":[{"href":"https:\/\/emcperceptive.com\/fr\/wp-json\/wp\/v2\/pages\/129","targetHints":{"allow":["GET"]}}],"collection":[{"href":"https:\/\/emcperceptive.com\/fr\/wp-json\/wp\/v2\/pages"}],"about":[{"href":"https:\/\/emcperceptive.com\/fr\/wp-json\/wp\/v2\/types\/page"}],"author":[{"embeddable":true,"href":"https:\/\/emcperceptive.com\/fr\/wp-json\/wp\/v2\/users\/1"}],"replies":[{"embeddable":true,"href":"https:\/\/emcperceptive.com\/fr\/wp-json\/wp\/v2\/comments?post=129"}],"version-history":[{"count":6,"href":"https:\/\/emcperceptive.com\/fr\/wp-json\/wp\/v2\/pages\/129\/revisions"}],"predecessor-version":[{"id":271,"href":"https:\/\/emcperceptive.com\/fr\/wp-json\/wp\/v2\/pages\/129\/revisions\/271"}],"wp:attachment":[{"href":"https:\/\/emcperceptive.com\/fr\/wp-json\/wp\/v2\/media?parent=129"}],"curies":[{"name":"wp","href":"https:\/\/api.w.org\/{rel}","templated":true}]}}