{"id":132,"date":"2020-09-27T10:40:56","date_gmt":"2020-09-27T14:40:56","guid":{"rendered":"http:\/\/emcperceptive.com\/services\/"},"modified":"2021-02-02T14:28:02","modified_gmt":"2021-02-02T18:28:02","slug":"services","status":"publish","type":"page","link":"https:\/\/emcperceptive.com\/fr\/services\/","title":{"rendered":"Services"},"content":{"rendered":"<div class=\"fusion-fullwidth fullwidth-box fusion-builder-row-1 fusion-flex-container nonhundred-percent-fullwidth non-hundred-percent-height-scrolling\" style=\"--awb-border-radius-top-left:0px;--awb-border-radius-top-right:0px;--awb-border-radius-bottom-right:0px;--awb-border-radius-bottom-left:0px;--awb-flex-wrap:wrap;\" ><div class=\"fusion-builder-row fusion-row fusion-flex-align-items-flex-start fusion-flex-content-wrap\" style=\"max-width:1248px;margin-left: calc(-4% \/ 2 );margin-right: calc(-4% \/ 2 );\"><div class=\"fusion-layout-column fusion_builder_column fusion-builder-column-0 fusion_builder_column_1_1 1_1 fusion-flex-column\" style=\"--awb-bg-size:cover;--awb-width-large:100%;--awb-margin-top-large:0px;--awb-spacing-right-large:1.92%;--awb-margin-bottom-large:20px;--awb-spacing-left-large:1.92%;--awb-width-medium:100%;--awb-order-medium:0;--awb-spacing-right-medium:1.92%;--awb-spacing-left-medium:1.92%;--awb-width-small:100%;--awb-order-small:0;--awb-spacing-right-small:1.92%;--awb-spacing-left-small:1.92%;\"><div class=\"fusion-column-wrapper fusion-column-has-shadow fusion-flex-justify-content-flex-start fusion-content-layout-column\"><div class=\"fusion-text fusion-text-1\" style=\"--awb-content-alignment:left;--awb-text-color:#000000;\"><p style=\"text-align: justify;\">Afin d&rsquo;assurer une livraison efficace des projets, nos projets sont r\u00e9alis\u00e9s par une \u00e9quipe d&rsquo;ing\u00e9nierie et de conception multidisciplinaire compl\u00e8te comprenant des ing\u00e9nieurs sp\u00e9cialis\u00e9s et g\u00e9n\u00e9ralistes, des technologues, des planificateurs, des op\u00e9rateurs CAO, des g\u00e9om\u00e8tres, des architectes, des arch\u00e9ologues, des sp\u00e9cialistes de la construction, des n\u00e9gociateurs immobiliers et une gamme d&rsquo;autres sp\u00e9cialistes selon les besoins du projet. Notre \u00e9quipe d&rsquo;ing\u00e9nierie fournit \u00e9galement une assistance pour les tests des \u00e9quipements, l&rsquo;inspection et la v\u00e9rification pr\u00e9op\u00e9ratoires, les processus de d\u00e9marrage, la mise en service et la formation ainsi que l&rsquo;optimisation et le contr\u00f4le avanc\u00e9.<br \/>\nEMC Perceptive fournit des services \u00e9tendus tels que:<\/p>\n<p style=\"text-align: justify;\"><div class=\"fusion-text fusion-text-1\"><\/div><\/p>\n<ul>\n<li style=\"text-align: justify;\">Livraison du projet<\/li>\n<li style=\"text-align: justify;\">Planification et conseil<\/li>\n<li style=\"text-align: justify;\">Construction et infrastructure<\/li>\n<li style=\"text-align: justify;\">Technologie de fabrication<\/li>\n<li style=\"text-align: justify;\">\u00c9quipement industriel<\/li>\n<li style=\"text-align: justify;\">Op\u00e9rations et maintenance<\/li>\n<li style=\"text-align: justify;\">Mise hors service et fermeture<\/li>\n<li style=\"text-align: justify;\">Utilitaires<\/li>\n<li style=\"text-align: justify;\">La gestion d&rsquo;actifs<\/li>\n<li style=\"text-align: justify;\">La gestion des co\u00fbts<\/li>\n<li style=\"text-align: justify;\">Services techniques<\/li>\n<li style=\"text-align: justify;\">Services techniques<\/li>\n<li style=\"text-align: justify;\">Recherche scientifique et tests en laboratoire<\/li>\n<\/ul>\n<\/div><div class=\"fusion-text fusion-text-3\"><\/div><\/div><\/div><\/div><\/div>\n","protected":false},"excerpt":{"rendered":"","protected":false},"author":1,"featured_media":0,"parent":0,"menu_order":0,"comment_status":"closed","ping_status":"closed","template":"","meta":{"footnotes":""},"class_list":["post-132","page","type-page","status-publish","hentry"],"_links":{"self":[{"href":"https:\/\/emcperceptive.com\/fr\/wp-json\/wp\/v2\/pages\/132","targetHints":{"allow":["GET"]}}],"collection":[{"href":"https:\/\/emcperceptive.com\/fr\/wp-json\/wp\/v2\/pages"}],"about":[{"href":"https:\/\/emcperceptive.com\/fr\/wp-json\/wp\/v2\/types\/page"}],"author":[{"embeddable":true,"href":"https:\/\/emcperceptive.com\/fr\/wp-json\/wp\/v2\/users\/1"}],"replies":[{"embeddable":true,"href":"https:\/\/emcperceptive.com\/fr\/wp-json\/wp\/v2\/comments?post=132"}],"version-history":[{"count":3,"href":"https:\/\/emcperceptive.com\/fr\/wp-json\/wp\/v2\/pages\/132\/revisions"}],"predecessor-version":[{"id":274,"href":"https:\/\/emcperceptive.com\/fr\/wp-json\/wp\/v2\/pages\/132\/revisions\/274"}],"wp:attachment":[{"href":"https:\/\/emcperceptive.com\/fr\/wp-json\/wp\/v2\/media?parent=132"}],"curies":[{"name":"wp","href":"https:\/\/api.w.org\/{rel}","templated":true}]}}